{"id":21,"date":"2016-02-12T08:10:47","date_gmt":"2016-02-12T08:10:47","guid":{"rendered":"http:\/\/demos.famethemes.com\/onepress\/?page_id=21"},"modified":"2026-01-31T00:23:23","modified_gmt":"2026-01-31T00:23:23","slug":"partners","status":"publish","type":"page","link":"https:\/\/bip.ipportalegre.pt\/bip2\/partners\/","title":{"rendered":"Partners"},"content":{"rendered":"\n<div style=\"height:50px\" aria-hidden=\"true\" class=\"wp-block-spacer\"><\/div>\n\n\n\n<hr class=\"wp-block-separator has-text-color has-cyan-bluish-gray-color has-alpha-channel-opacity has-cyan-bluish-gray-background-color has-background is-style-wide\" \/>\n\n\n\n<div class=\"wp-block-columns is-layout-flex wp-container-core-columns-is-layout-9d6595d7 wp-block-columns-is-layout-flex\">\n<div class=\"wp-block-column is-layout-flow wp-block-column-is-layout-flow\" style=\"flex-basis:80%\">\n<p class=\"has-cyan-bluish-gray-color has-text-color has-link-color has-medium-font-size wp-elements-ce8ab3f9d1a19d5c992752f4805fabc1\"><strong><strong><strong><strong><strong>Portalegre Polytechnic University<\/strong><\/strong><\/strong><\/strong><\/strong><\/p>\n<\/div>\n\n\n\n<div class=\"wp-block-column is-layout-flow wp-block-column-is-layout-flow\" style=\"flex-basis:20%\">\n<figure class=\"wp-block-image size-full\"><img loading=\"lazy\" decoding=\"async\" width=\"988\" height=\"566\" src=\"https:\/\/bip.ipportalegre.pt\/bip2\/wp-content\/uploads\/sites\/3\/2024\/12\/IPP.png\" alt=\"\" class=\"wp-image-1536\" srcset=\"https:\/\/bip.ipportalegre.pt\/bip2\/wp-content\/uploads\/sites\/3\/2024\/12\/IPP.png 988w, https:\/\/bip.ipportalegre.pt\/bip2\/wp-content\/uploads\/sites\/3\/2024\/12\/IPP-300x172.png 300w, https:\/\/bip.ipportalegre.pt\/bip2\/wp-content\/uploads\/sites\/3\/2024\/12\/IPP-768x440.png 768w\" sizes=\"auto, (max-width: 988px) 100vw, 988px\" \/><\/figure>\n<\/div>\n<\/div>\n\n\n\n<div class=\"wp-block-columns is-layout-flex wp-container-core-columns-is-layout-9d6595d7 wp-block-columns-is-layout-flex\">\n<div class=\"wp-block-column is-layout-flow wp-block-column-is-layout-flow\" style=\"flex-basis:25%\">\n<figure class=\"wp-block-image size-full\"><img loading=\"lazy\" decoding=\"async\" width=\"771\" height=\"804\" src=\"https:\/\/bip.ipportalegre.pt\/bip2\/wp-content\/uploads\/sites\/3\/2026\/01\/Foto-RC.jpg\" alt=\"\" class=\"wp-image-1740\" srcset=\"https:\/\/bip.ipportalegre.pt\/bip2\/wp-content\/uploads\/sites\/3\/2026\/01\/Foto-RC.jpg 771w, https:\/\/bip.ipportalegre.pt\/bip2\/wp-content\/uploads\/sites\/3\/2026\/01\/Foto-RC-288x300.jpg 288w, https:\/\/bip.ipportalegre.pt\/bip2\/wp-content\/uploads\/sites\/3\/2026\/01\/Foto-RC-768x801.jpg 768w\" sizes=\"auto, (max-width: 771px) 100vw, 771px\" \/><\/figure>\n<\/div>\n\n\n\n<div class=\"wp-block-column is-layout-flow wp-block-column-is-layout-flow\" style=\"flex-basis:75%\">\n<p><strong><strong><strong><strong><strong><strong><strong>Rui Carvalho<\/strong><\/strong><\/strong><\/strong><\/strong><\/strong><\/strong><\/p>\n\n\n\n<p>Rui Carvalho holds a PhD in Tourism from the University of Aveiro, Portugal, focusing on the sociological development of Creative Tourism. He is a collaborative researcher at CARE \u2013 Research Centre on Health and Social Sciences, Portalegre Polytechnic University (PPU). Also, he is a full researcher at the Research Unit on Governance, Competitiveness and Public Policies (GOVCOPP), within the Tourism and Development research group at the University of Aveiro, and a collaborative researcher at TECHN&amp;ART \u2013 Centre of Technology, Restoration and Art Enhancement, Polytechnic University of Tomar. His primary research interests include creative and cultural tourism, sociology of tourism, sustainability, tourism events, tourism planning, co-creation processes, and tourism consumption. Published author, currently, he serves as an Invited Adjunct Professor at the Portalegre Polytechnic University.<\/p>\n\n\n\n<p>Email: <a href=\"mailto:artemischal@uniwa.gr\"><\/a><a href=\"mailto:mariyana.shishkova@gmail.com\"><\/a><a href=\"mailto:bostjan.sumak@um.si\"><\/a><a href=\"mailto:rui.carvalho@ipportalegre.pt\">rui.carvalho@ipportalegre.pt <\/a><\/p>\n<\/div>\n<\/div>\n\n\n\n<div class=\"wp-block-columns is-layout-flex wp-container-core-columns-is-layout-9d6595d7 wp-block-columns-is-layout-flex\">\n<div class=\"wp-block-column is-layout-flow wp-block-column-is-layout-flow\" style=\"flex-basis:25%\">\n<figure class=\"wp-block-image size-full\"><img loading=\"lazy\" decoding=\"async\" width=\"338\" height=\"422\" src=\"https:\/\/bip.ipportalegre.pt\/bip2\/wp-content\/uploads\/sites\/3\/2026\/01\/Joao-Estevao-photo.png\" alt=\"\" class=\"wp-image-1741\" srcset=\"https:\/\/bip.ipportalegre.pt\/bip2\/wp-content\/uploads\/sites\/3\/2026\/01\/Joao-Estevao-photo.png 338w, https:\/\/bip.ipportalegre.pt\/bip2\/wp-content\/uploads\/sites\/3\/2026\/01\/Joao-Estevao-photo-240x300.png 240w\" sizes=\"auto, (max-width: 338px) 100vw, 338px\" \/><\/figure>\n<\/div>\n\n\n\n<div class=\"wp-block-column is-layout-flow wp-block-column-is-layout-flow\" style=\"flex-basis:75%\">\n<p><strong><strong><strong><strong><strong><strong><strong><strong>Jo\u00e3o Estev\u00e3o<\/strong><\/strong><\/strong><\/strong><\/strong><\/strong><\/strong><\/strong><\/p>\n\n\n\n<p>Jo\u00e3o Vaz Est\u00eav\u00e3o holds a PhD in Tourism from the University of Aveiro, Portugal, focusing on the adoption of Information Technologies by tourism destinations to enhance internal coordination among stakeholders. He is a full researcher at CARE \u2013 Research Centre on Health and Social Sciences, Portalegre Polytechnic University (PPU). His primary research interests include smart tourism and the use of IT by tourism destinations suffering from market failures. He has over twenty years&#8217; experience as a researcher and lecturer in the field of tourism studies, mainly at institutions located in low-density peripheral areas. In this context, he has participated in tourism training projects for rural communities. Currently, he serves as an Adjunct Professor at PPU, where he coordinates the Master\u2019s degree in Tourism and Digital Communication, as well as the Postgraduate program in Wine Tourism.<\/p>\n\n\n\n<p>Email: <a href=\"mailto:artemischal@uniwa.gr\"><\/a><a href=\"mailto:mariyana.shishkova@gmail.com\"><\/a><a href=\"mailto:bostjan.sumak@um.si\"><\/a><a href=\"mailto:mjvaradinov@ipportalegre.pt\"><\/a><a href=\"mailto:joao.estevao@ipportalegre.pt\">joao.estevao@ipportalegre.pt<\/a><\/p>\n<\/div>\n<\/div>\n\n\n\n<div class=\"wp-block-columns is-layout-flex wp-container-core-columns-is-layout-9d6595d7 wp-block-columns-is-layout-flex\">\n<div class=\"wp-block-column is-layout-flow wp-block-column-is-layout-flow\" style=\"flex-basis:25%\">\n<figure class=\"wp-block-image size-full\"><img loading=\"lazy\" decoding=\"async\" width=\"1500\" height=\"1000\" src=\"https:\/\/bip.ipportalegre.pt\/bip2\/wp-content\/uploads\/sites\/3\/2026\/01\/Foto-EM.jpg\" alt=\"\" class=\"wp-image-1738\" srcset=\"https:\/\/bip.ipportalegre.pt\/bip2\/wp-content\/uploads\/sites\/3\/2026\/01\/Foto-EM.jpg 1500w, https:\/\/bip.ipportalegre.pt\/bip2\/wp-content\/uploads\/sites\/3\/2026\/01\/Foto-EM-300x200.jpg 300w, https:\/\/bip.ipportalegre.pt\/bip2\/wp-content\/uploads\/sites\/3\/2026\/01\/Foto-EM-1024x683.jpg 1024w, https:\/\/bip.ipportalegre.pt\/bip2\/wp-content\/uploads\/sites\/3\/2026\/01\/Foto-EM-768x512.jpg 768w\" sizes=\"auto, (max-width: 1500px) 100vw, 1500px\" \/><\/figure>\n<\/div>\n\n\n\n<div class=\"wp-block-column is-layout-flow wp-block-column-is-layout-flow\" style=\"flex-basis:75%\">\n<p><strong><strong><strong><strong><strong><strong><strong><strong><strong><strong><strong><strong>Eva Milheiro<\/strong><\/strong><\/strong><\/strong><\/strong><\/strong><\/strong><\/strong><\/strong><\/strong><\/strong><\/strong><\/p>\n\n\n\n<p>Eva Milheiro is an Adjunct Professor at the Polytechnic University of Portalegre. She has served as Director of the Bachelor&#8217;s Degree in Tourism and the Postgraduate Degree in Wine Tourism, as well as Coordinator of the Department of Social Sciences, Territory, and Development. She is currently the President of the Pedagogical Council at the School of Education and Social Sciences and the Coordinator of the Postgraduate Degree in Olive Tourism. She has a degree in Tourism Management and Planning and a Master&#8217;s in Information Management, and is currently completing her doctoral thesis. She collaborates with three research centers. She has over twenty-five years of experience as a researcher in tourism studies, has published several books, chapters, and articles in national and international scientific journals, and has given several presentations at national and international meetings. She has also been involved in national and international research projects on tourism and the development of low-density peripheral areas.<\/p>\n\n\n\n<p>Email: <a href=\"mailto:eva@ipportalegre.pt\">eva@ipportalegre.pt<\/a><\/p>\n<\/div>\n<\/div>\n\n\n\n<div class=\"wp-block-columns is-layout-flex wp-container-core-columns-is-layout-9d6595d7 wp-block-columns-is-layout-flex\">\n<div class=\"wp-block-column is-layout-flow wp-block-column-is-layout-flow\" style=\"flex-basis:25%\">\n<figure class=\"wp-block-image size-full\"><img loading=\"lazy\" decoding=\"async\" width=\"1292\" height=\"1000\" src=\"https:\/\/bip.ipportalegre.pt\/bip2\/wp-content\/uploads\/sites\/3\/2024\/12\/bio_sergio_correia.jpg\" alt=\"\" class=\"wp-image-1527\" srcset=\"https:\/\/bip.ipportalegre.pt\/bip2\/wp-content\/uploads\/sites\/3\/2024\/12\/bio_sergio_correia.jpg 1292w, https:\/\/bip.ipportalegre.pt\/bip2\/wp-content\/uploads\/sites\/3\/2024\/12\/bio_sergio_correia-300x232.jpg 300w, https:\/\/bip.ipportalegre.pt\/bip2\/wp-content\/uploads\/sites\/3\/2024\/12\/bio_sergio_correia-1024x793.jpg 1024w, https:\/\/bip.ipportalegre.pt\/bip2\/wp-content\/uploads\/sites\/3\/2024\/12\/bio_sergio_correia-768x594.jpg 768w\" sizes=\"auto, (max-width: 1292px) 100vw, 1292px\" \/><\/figure>\n<\/div>\n\n\n\n<div class=\"wp-block-column is-layout-flow wp-block-column-is-layout-flow\" style=\"flex-basis:75%\">\n<p><strong><strong><strong><strong><strong><strong>S\u00e9rgio Correia<\/strong><\/strong><\/strong><\/strong><\/strong><\/strong><\/p>\n\n\n\n<p>Prof. S\u00e9rgio D. Correia received his Diploma in Electrical and Computer Engineering from the University of Coimbra, Portugal, in 2000, his Master&#8217;s Degree in Industrial Control and Maintenance Systems from Beira Interior University, Covilh\u00e3, Portugal, in 2010, and his Ph.D. in Electrical and Computer Engineering from the University of Coimbra, Portugal, in 2020. He is a Professor at the Portalegre Polytechnic University, Portugal, where he is the head of the Laboratory for Electronics and Instrumentation (LEI). He is a Researcher at NOVA School of Science and Technology, Center of Technology and Systems (UNINOVA-CTS), and VALORIZA &#8211; Research Center for Endogenous Resource Valorization, Portalegre Polytechnic University, Portalegre, Portugal. His current research interests are Embedded Artificial Intelligence, Soft Computing, Embedded Systems, and Computer Architecture, on which he serves as an editor for several scientific journals and as a collaborator at several International Conferences.<\/p>\n\n\n\n<p>Email: <a href=\"mailto:scorreia@ipportalegre.pt\">scorreia@ipportalegre.pt<\/a><\/p>\n<\/div>\n<\/div>\n\n\n\n<hr class=\"wp-block-separator has-text-color has-cyan-bluish-gray-color has-alpha-channel-opacity has-cyan-bluish-gray-background-color has-background is-style-wide\" \/>\n\n\n\n<div class=\"wp-block-columns is-layout-flex wp-container-core-columns-is-layout-9d6595d7 wp-block-columns-is-layout-flex\">\n<div class=\"wp-block-column is-layout-flow wp-block-column-is-layout-flow\" style=\"flex-basis:80%\">\n<p class=\"has-cyan-bluish-gray-color has-text-color has-link-color has-medium-font-size wp-elements-198d938b3c8814656c2537b3beb1be4e\"><strong><strong><strong><strong>University of Maribor, Maribor, Eslov\u00e9nia<\/strong><\/strong><\/strong><\/strong><\/p>\n<\/div>\n\n\n\n<div class=\"wp-block-column is-layout-flow wp-block-column-is-layout-flow\" style=\"flex-basis:20%\">\n<figure class=\"wp-block-image size-full\"><img loading=\"lazy\" decoding=\"async\" width=\"1024\" height=\"584\" src=\"https:\/\/bip.ipportalegre.pt\/bip2\/wp-content\/uploads\/sites\/3\/2024\/12\/logo-umHQ.png\" alt=\"\" class=\"wp-image-1535\" srcset=\"https:\/\/bip.ipportalegre.pt\/bip2\/wp-content\/uploads\/sites\/3\/2024\/12\/logo-umHQ.png 1024w, https:\/\/bip.ipportalegre.pt\/bip2\/wp-content\/uploads\/sites\/3\/2024\/12\/logo-umHQ-300x171.png 300w, https:\/\/bip.ipportalegre.pt\/bip2\/wp-content\/uploads\/sites\/3\/2024\/12\/logo-umHQ-768x438.png 768w\" sizes=\"auto, (max-width: 1024px) 100vw, 1024px\" \/><\/figure>\n<\/div>\n<\/div>\n\n\n\n<div class=\"wp-block-columns is-layout-flex wp-container-core-columns-is-layout-9d6595d7 wp-block-columns-is-layout-flex\">\n<div class=\"wp-block-column is-layout-flow wp-block-column-is-layout-flow\" style=\"flex-basis:25%\">\n<figure class=\"wp-block-image size-full\"><img loading=\"lazy\" decoding=\"async\" width=\"999\" height=\"1000\" src=\"https:\/\/bip.ipportalegre.pt\/bip2\/wp-content\/uploads\/sites\/3\/2024\/12\/bio_Maja_Pusnik.jpg\" alt=\"\" class=\"wp-image-1525\" srcset=\"https:\/\/bip.ipportalegre.pt\/bip2\/wp-content\/uploads\/sites\/3\/2024\/12\/bio_Maja_Pusnik.jpg 999w, https:\/\/bip.ipportalegre.pt\/bip2\/wp-content\/uploads\/sites\/3\/2024\/12\/bio_Maja_Pusnik-300x300.jpg 300w, https:\/\/bip.ipportalegre.pt\/bip2\/wp-content\/uploads\/sites\/3\/2024\/12\/bio_Maja_Pusnik-150x150.jpg 150w, https:\/\/bip.ipportalegre.pt\/bip2\/wp-content\/uploads\/sites\/3\/2024\/12\/bio_Maja_Pusnik-768x769.jpg 768w\" sizes=\"auto, (max-width: 999px) 100vw, 999px\" \/><\/figure>\n<\/div>\n\n\n\n<div class=\"wp-block-column is-layout-flow wp-block-column-is-layout-flow\" style=\"flex-basis:75%\">\n<p>Maja Pu\u0161nik is an Assistant Professor and researcher at the Institute of Informatics, University of Maribor, with nearly 20 years of experience in research and higher education teaching across multiple study programs at the Faculty of Electrical Engineering and Computer Science (UM FERI).<\/p>\n\n\n\n<p>Her teaching focuses on business process optimisation and strategic planning, with a strong emphasis on experience-driven approaches such as Total Experience (TX), encompassing User Experience (UX), Customer Experience (CX), Multi-Experience (MX), and Employee Experience (EX). These topics promote the design of inclusive, efficient, and user-centred digital and organisational solutions, highly relevant to tourism, hospitality, and service-oriented environments.<\/p>\n\n\n\n<p>Dr. Pu\u0161nik has participated in numerous research and industry-collaborative projects, addressing digital transformation, automation, and process innovation in complex organisational settings. Her research interests lie at the intersection of technology, strategy, and human experience, and include hyper-automation, human\u2013computer interaction, digital accessibility, UX design and evaluation, total experience strategy, and information systems acceptance. Her work supports the development of smart, accessible, and sustainable digital services, aligning closely with the evolving needs of the tourism and experience economy.<\/p>\n\n\n\n<p><strong>Research Interests:<\/strong><strong><br><\/strong>Business process optimisation; strategic planning; total experience (TX); user and customer experience (UX\/CX); hyper-automation; human\u2013computer interaction; digital accessibility; information systems acceptance; digital service innovation.<\/p>\n\n\n\n<p>Email: <a href=\"mailto:angelant@uniwa.gr\"><\/a><a href=\"mailto:rosenivanov10@yahoo.com\"><\/a><a href=\"mailto:maja.pusnik@um.si\">maja.pusnik@um.si<\/a><\/p>\n<\/div>\n<\/div>\n\n\n\n<div class=\"wp-block-columns is-layout-flex wp-container-core-columns-is-layout-9d6595d7 wp-block-columns-is-layout-flex\">\n<div class=\"wp-block-column is-layout-flow wp-block-column-is-layout-flow\" style=\"flex-basis:25%\">\n<figure class=\"wp-block-image size-full\"><img loading=\"lazy\" decoding=\"async\" width=\"999\" height=\"1000\" src=\"https:\/\/bip.ipportalegre.pt\/bip2\/wp-content\/uploads\/sites\/3\/2024\/12\/bio_Bostjan_Sumak.jpg\" alt=\"\" class=\"wp-image-1526\" srcset=\"https:\/\/bip.ipportalegre.pt\/bip2\/wp-content\/uploads\/sites\/3\/2024\/12\/bio_Bostjan_Sumak.jpg 999w, https:\/\/bip.ipportalegre.pt\/bip2\/wp-content\/uploads\/sites\/3\/2024\/12\/bio_Bostjan_Sumak-300x300.jpg 300w, https:\/\/bip.ipportalegre.pt\/bip2\/wp-content\/uploads\/sites\/3\/2024\/12\/bio_Bostjan_Sumak-150x150.jpg 150w, https:\/\/bip.ipportalegre.pt\/bip2\/wp-content\/uploads\/sites\/3\/2024\/12\/bio_Bostjan_Sumak-768x769.jpg 768w\" sizes=\"auto, (max-width: 999px) 100vw, 999px\" \/><\/figure>\n<\/div>\n\n\n\n<div class=\"wp-block-column is-layout-flow wp-block-column-is-layout-flow\" style=\"flex-basis:75%\">\n<p>Bo\u0161tjan \u0160umak is an Associate Professor and researcher at the Institute of Informatics, University of Maribor. He has over 25 years of experience in higher education, combining research excellence with extensive pedagogical practice across multidisciplinary study programs.<\/p>\n\n\n\n<p>His teaching and research focus on user experience (UX), human\u2013computer interaction (HCI), and digital accessibility, with particular relevance to digital services, online platforms, and user-centred system design. He is the principal lecturer of the course User Experience Evaluation in the second-cycle Bologna program <em>Informatics and Technologies of Communication<\/em>, and also teaches Web Development in the undergraduate <em>Media Communications<\/em> program.<\/p>\n\n\n\n<p>Dr. \u0160umak has led and participated in numerous national and international projects aimed at modernising higher education through digital technologies and artificial intelligence, with a strong emphasis on inclusive design, accessibility, and user engagement. He has contributed to the development of specialised digital accessibility training and accessible e-learning platforms, designed to enhance the competencies of diverse stakeholder groups.<\/p>\n\n\n\n<p>Dr. \u0160umak actively collaborates with academic and industry partners and is a member of programme committees for international conferences. His research interests are highly interdisciplinary and include user experience design and evaluation, digital accessibility, intelligent and adaptive user interfaces, acceptance of information systems, web and IoT technologies, and touchless and immersive interaction technologies\u2014all increasingly relevant for tourism, hospitality, and experience-driven digital services.<\/p>\n\n\n\n<p><strong>Research Interests:<br><\/strong>Human\u2013computer interaction; user experience design and evaluation; digital accessibility; intelligent user interfaces; web technologies; IoT; touchless and immersive interaction technologies; technology acceptance in service systems.<\/p>\n\n\n\n<p>Email: <a href=\"mailto:artemischal@uniwa.gr\"><\/a><a href=\"mailto:mariyana.shishkova@gmail.com\"><\/a><a href=\"mailto:bostjan.sumak@um.si\">bostjan.sumak@um.si<\/a><\/p>\n<\/div>\n<\/div>\n\n\n\n<div style=\"height:50px\" aria-hidden=\"true\" class=\"wp-block-spacer\"><\/div>\n\n\n\n<hr class=\"wp-block-separator has-text-color has-cyan-bluish-gray-color has-alpha-channel-opacity has-cyan-bluish-gray-background-color has-background is-style-wide\" \/>\n\n\n\n<div class=\"wp-block-columns is-layout-flex wp-container-core-columns-is-layout-9d6595d7 wp-block-columns-is-layout-flex\">\n<div class=\"wp-block-column is-layout-flow wp-block-column-is-layout-flow\" style=\"flex-basis:70%\">\n<p class=\"has-cyan-bluish-gray-color has-text-color has-link-color has-medium-font-size wp-elements-32bb94012c78c25291c51fe859d32621\"><strong>Academy of Humanities and Economics (Lodz), Poland<\/strong><\/p>\n<\/div>\n\n\n\n<div class=\"wp-block-column is-layout-flow wp-block-column-is-layout-flow\" style=\"flex-basis:30%\">\n<figure class=\"wp-block-image size-full\"><img loading=\"lazy\" decoding=\"async\" width=\"249\" height=\"96\" src=\"https:\/\/bip.ipportalegre.pt\/bip2\/wp-content\/uploads\/sites\/3\/2026\/01\/AHE_LOGO.png\" alt=\"\" class=\"wp-image-1726\" \/><\/figure>\n<\/div>\n<\/div>\n\n\n\n<div class=\"wp-block-columns is-layout-flex wp-container-core-columns-is-layout-9d6595d7 wp-block-columns-is-layout-flex\">\n<div class=\"wp-block-column is-layout-flow wp-block-column-is-layout-flow\" style=\"flex-basis:25%\">\n<figure class=\"wp-block-image size-full\"><img loading=\"lazy\" decoding=\"async\" width=\"472\" height=\"651\" src=\"https:\/\/bip.ipportalegre.pt\/bip2\/wp-content\/uploads\/sites\/3\/2026\/01\/T.Kazakova_photo.png\" alt=\"\" class=\"wp-image-1727\" srcset=\"https:\/\/bip.ipportalegre.pt\/bip2\/wp-content\/uploads\/sites\/3\/2026\/01\/T.Kazakova_photo.png 472w, https:\/\/bip.ipportalegre.pt\/bip2\/wp-content\/uploads\/sites\/3\/2026\/01\/T.Kazakova_photo-218x300.png 218w\" sizes=\"auto, (max-width: 472px) 100vw, 472px\" \/><\/figure>\n<\/div>\n\n\n\n<div class=\"wp-block-column is-layout-flow wp-block-column-is-layout-flow\" style=\"flex-basis:75%\">\n<p><strong><strong>Tetiana Kazakova<\/strong><\/strong><\/p>\n\n\n\n<p>Associate Professor at the Faculty of Management at the Academy of Humanities and Economics in \u0141\u00f3d\u017a, Poland, and Dean of the Faculty of Tourism and Recreation. Prof. Tetiana Kazakova&#8217;s teaching spans management and marketing, including Fundamentals of Enterprise Science, Fundamentals of Organization and Management, Design Models and Organization Management, Basics of Marketing, Content Marketing, Tourism Management, and Advertising in Tourism. Prof. Tetiana Kazakova&#8217;s research focuses on marketing as a driver of business strategy, brand management concepts and techniques, digital marketing strategies in contemporary organizations, and the role of ethics and sustainability in marketing. Prof. Tetiana Kazakova is also interested in applying psychology to business decision-making and consumer behavior.<\/p>\n\n\n\n<p>Email:&nbsp;<a href=\"mailto:erasmus@ahe.lodz.pl\">erasmus@ahe.lodz.pl<\/a><\/p>\n<\/div>\n<\/div>\n\n\n\n<div class=\"wp-block-columns is-layout-flex wp-container-core-columns-is-layout-9d6595d7 wp-block-columns-is-layout-flex\">\n<div class=\"wp-block-column is-layout-flow wp-block-column-is-layout-flow\"><\/div>\n<\/div>\n\n\n\n<hr class=\"wp-block-separator has-text-color has-cyan-bluish-gray-color has-alpha-channel-opacity has-cyan-bluish-gray-background-color has-background is-style-wide\" \/>\n","protected":false},"excerpt":{"rendered":"<p>Nullam ut tempor eros. Donec faucibus, velit et imperdiet aliquam, lacus velit luctus urna, vitae porttitor orci libero id felis.<\/p>\n","protected":false},"author":1,"featured_media":1455,"parent":0,"menu_order":0,"comment_status":"closed","ping_status":"closed","template":"template-fullwidth.php","meta":{"footnotes":""},"class_list":["post-21","page","type-page","status-publish","has-post-thumbnail","hentry"],"_links":{"self":[{"href":"https:\/\/bip.ipportalegre.pt\/bip2\/wp-json\/wp\/v2\/pages\/21","targetHints":{"allow":["GET"]}}],"collection":[{"href":"https:\/\/bip.ipportalegre.pt\/bip2\/wp-json\/wp\/v2\/pages"}],"about":[{"href":"https:\/\/bip.ipportalegre.pt\/bip2\/wp-json\/wp\/v2\/types\/page"}],"author":[{"embeddable":true,"href":"https:\/\/bip.ipportalegre.pt\/bip2\/wp-json\/wp\/v2\/users\/1"}],"replies":[{"embeddable":true,"href":"https:\/\/bip.ipportalegre.pt\/bip2\/wp-json\/wp\/v2\/comments?post=21"}],"version-history":[{"count":27,"href":"https:\/\/bip.ipportalegre.pt\/bip2\/wp-json\/wp\/v2\/pages\/21\/revisions"}],"predecessor-version":[{"id":1749,"href":"https:\/\/bip.ipportalegre.pt\/bip2\/wp-json\/wp\/v2\/pages\/21\/revisions\/1749"}],"wp:featuredmedia":[{"embeddable":true,"href":"https:\/\/bip.ipportalegre.pt\/bip2\/wp-json\/wp\/v2\/media\/1455"}],"wp:attachment":[{"href":"https:\/\/bip.ipportalegre.pt\/bip2\/wp-json\/wp\/v2\/media?parent=21"}],"curies":[{"name":"wp","href":"https:\/\/api.w.org\/{rel}","templated":true}]}}